{"id":631,"date":"2015-07-16T09:12:51","date_gmt":"2015-07-16T07:12:51","guid":{"rendered":"https:\/\/szinkartya.eu\/?page_id=631"},"modified":"2026-01-16T08:24:16","modified_gmt":"2026-01-16T07:24:16","slug":"contact","status":"publish","type":"page","link":"https:\/\/szinkartya.eu\/en\/contact\/","title":{"rendered":"Contact"},"content":{"rendered":"\n<style type=\"text\/css\" data-created_by=\"avia_inline_auto\" id=\"style-css-av-mcoo2m8u-74c982e4f71adec6400c497cbcbd543c\">\n.avia-section.av-mcoo2m8u-74c982e4f71adec6400c497cbcbd543c{\nbackground-repeat:no-repeat;\nbackground-image:url(https:\/\/szinkartya.eu\/wp-content\/uploads\/2015\/07\/Peakston_szinkartya.jpg);\nbackground-position:50% 50%;\nbackground-attachment:fixed;\n}\n<\/style>\n<div id='av_section_1'  class='avia-section av-mcoo2m8u-74c982e4f71adec6400c497cbcbd543c main_color avia-section-default avia-no-border-styling  avia-builder-el-0  el_before_av_heading  avia-builder-el-first  avia-bg-style-fixed container_wrap fullsize'  data-section-bg-repeat='no-repeat'><div class='container av-section-cont-open' ><main  role=\"main\" itemprop=\"mainContentOfPage\"  class='template-page content  av-content-full alpha units'><div class='post-entry post-entry-type-page post-entry-631'><div class='entry-content-wrapper clearfix'><\/div><\/div><\/main><!-- close content main element --><\/div><\/div><div id='after_section_1'  class='main_color av_default_container_wrap container_wrap fullsize'  ><div class='container av-section-cont-open' ><div class='template-page content  av-content-full alpha units'><div class='post-entry post-entry-type-page post-entry-631'><div class='entry-content-wrapper clearfix'>\n\n<style type=\"text\/css\" data-created_by=\"avia_inline_auto\" id=\"style-css-av-mcoo6gap-edad9129988152a1a79e47a5b15cc75e\">\n#top .av-special-heading.av-mcoo6gap-edad9129988152a1a79e47a5b15cc75e{\npadding-bottom:10px;\n}\nbody .av-special-heading.av-mcoo6gap-edad9129988152a1a79e47a5b15cc75e .av-special-heading-tag .heading-char{\nfont-size:25px;\n}\n.av-special-heading.av-mcoo6gap-edad9129988152a1a79e47a5b15cc75e .av-subheading{\nfont-size:15px;\n}\n<\/style>\n<div  class='av-special-heading av-mcoo6gap-edad9129988152a1a79e47a5b15cc75e av-special-heading-h1 blockquote modern-quote modern-centered  avia-builder-el-1  el_after_av_section  el_before_av_one_fifth  avia-builder-el-first '><h1 class='av-special-heading-tag '  itemprop=\"headline\"  >Contact details<\/h1><div class=\"special-heading-border\"><div class=\"special-heading-inner-border\"><\/div><\/div><\/div>\n<div  class='flex_column av-m2b10-541deccfc43e23d4137ede72a9d6fd6d av_one_fifth  avia-builder-el-2  el_after_av_heading  el_before_av_three_fifth  first flex_column_div  '     ><\/div>\n\n<style type=\"text\/css\" data-created_by=\"avia_inline_auto\" id=\"style-css-av-3fdro4-2da616c90a2917bfa35f514a5275ecad\">\n.flex_column.av-3fdro4-2da616c90a2917bfa35f514a5275ecad{\nborder-radius:0px 0px 0px 0px;\npadding:0px 0px 0px 0px;\n}\n<\/style>\n<div  class='flex_column av-3fdro4-2da616c90a2917bfa35f514a5275ecad av_three_fifth  avia-builder-el-3  el_after_av_one_fifth  el_before_av_one_fifth  flex_column_div av-animated-generic bottom-to-top av-zero-column-padding  '     ><style type=\"text\/css\" data-created_by=\"avia_inline_auto\" id=\"style-css-av-2zu0fo-13db38053d9ced05a1ce7f8c9db580e3\">\n#top .av_textblock_section.av-2zu0fo-13db38053d9ced05a1ce7f8c9db580e3 .avia_textblock{\nfont-size:18px;\ncolor:#000000;\n}\n<\/style>\n<section  class='av_textblock_section av-2zu0fo-13db38053d9ced05a1ce7f8c9db580e3 '   itemscope=\"itemscope\" itemtype=\"https:\/\/schema.org\/CreativeWork\" ><div class='avia_textblock av_inherit_color'  itemprop=\"text\" ><p style=\"text-align: center;\"><strong>Residence of corporation and mailing address:<\/strong> 7100 Szeksz\u00e1rd, Br\u00f3dy k\u00f6z 9.<\/p>\n<p style=\"text-align: center;\"><strong>Domicile: <\/strong><a href=\"https:\/\/maps.app.goo.gl\/uvE2FP17hmifBkHE9\">7100 Szeksz\u00e1rd, P\u00e1skum u. 2.<\/a><\/p>\n<p style=\"text-align: center;\"><strong>\u00a0E-mail:<\/strong> <a href=\"mailto:info@foton16.t-online.hu\">info@foton16.t-online.hu<\/a><\/p>\n<p style=\"text-align: center;\"><strong>Mobile:<\/strong> Fojdl S\u00e1ndor\u00a0 <a href=\"tel:06309465093\">36-30-946-5093<\/a><\/p>\n<\/div><\/section><\/div><div  class='flex_column av-ctalo-c94900f2eeb47aeae5d1f9f47df34716 av_one_fifth  avia-builder-el-5  el_after_av_three_fifth  el_before_av_one_fifth  flex_column_div  '     ><\/div><\/p>\n<div  class='flex_column av-bgjz0-864090dd92d043978094c3aa721c6d1c av_one_fifth  avia-builder-el-6  el_after_av_one_fifth  el_before_av_three_fifth  first flex_column_div  column-top-margin'     ><\/div>\n<div  class='flex_column av-fz0qk-9a75130194ea49c127bc6489cdf1a4b4 av_three_fifth  avia-builder-el-7  el_after_av_one_fifth  el_before_av_one_fifth  flex_column_div  column-top-margin'     ><\/div>\n<div  class='flex_column av-ayhic-df9563bb9ee87545f0768fb4a754f092 av_one_fifth  avia-builder-el-9  el_after_av_three_fifth  el_before_av_section  avia-builder-el-last  flex_column_div  column-top-margin'     ><\/div>\n<\/div><\/div><\/div><!-- close content main div --><\/div><\/div><div id='av_section_2'  class='avia-section av-18bs0n-b5f717ae662ff0c75daaf0c16d93a8ba main_color avia-section-default avia-no-border-styling  avia-builder-el-10  el_after_av_one_fifth  avia-builder-el-last  avia-bg-style-scroll container_wrap fullsize'  ><div class='container av-section-cont-open' ><div class='template-page content  av-content-full alpha units'><div class='post-entry post-entry-type-page post-entry-631'><div class='entry-content-wrapper clearfix'>\n<div  class='flex_column av-13543z-31e4beb2fa9eefc4a0755b4c9b6c5132 av_one_fourth  avia-builder-el-11  el_before_av_one_half  avia-builder-el-first  first flex_column_div  '     ><style type=\"text\/css\" data-created_by=\"avia_inline_auto\" id=\"style-css-av-yd3zb-a29c48353f6cc4f396caffa0c4ab49d5\">\n.avia-image-container.av-yd3zb-a29c48353f6cc4f396caffa0c4ab49d5 img.avia_image{\nbox-shadow:none;\n}\n.avia-image-container.av-yd3zb-a29c48353f6cc4f396caffa0c4ab49d5 .av-image-caption-overlay-center{\ncolor:#ffffff;\n}\n<\/style>\n<div  class='avia-image-container av-yd3zb-a29c48353f6cc4f396caffa0c4ab49d5 av-styling- avia-align-center  avia-builder-el-12  avia-builder-el-no-sibling '   itemprop=\"image\" itemscope=\"itemscope\" itemtype=\"https:\/\/schema.org\/ImageObject\" ><div class=\"avia-image-container-inner\"><div class=\"avia-image-overlay-wrap\"><img decoding=\"async\" fetchpriority=\"high\" class='wp-image-567 avia-img-lazy-loading-not-567 avia_image ' src=\"https:\/\/szinkartya.eu\/wp-content\/uploads\/DSP_logo_vector.svg\" alt='DSP log\u00f3' title='DSP_logo_vector'  height=\"276.4\" width=\"500\"  itemprop=\"thumbnailUrl\"  \/><\/div><\/div><\/div><\/div><div  class='flex_column av-qsvtr-4789df617fdd8f712e8ca347a722b041 av_one_half  avia-builder-el-13  el_after_av_one_fourth  el_before_av_one_fourth  flex_column_div  '     ><style type=\"text\/css\" data-created_by=\"avia_inline_auto\" id=\"style-css-av-ima47-a2dbc141729fcae535ad2a90987b1045\">\n#top .av_textblock_section.av-ima47-a2dbc141729fcae535ad2a90987b1045 .avia_textblock{\nfont-size:18px;\n}\n<\/style>\n<section  class='av_textblock_section av-ima47-a2dbc141729fcae535ad2a90987b1045 '   itemscope=\"itemscope\" itemtype=\"https:\/\/schema.org\/CreativeWork\" ><div class='avia_textblock demjan'  itemprop=\"text\" ><p style=\"text-align: center;\">The website was created as part of and with the support of S\u00e1ndor Demj\u00e1n&#8217;s program.<\/p>\n<\/div><\/section><\/div><div  class='flex_column av-1pgof-c5a2ae619f20560dc54432de7d10ba13 av_one_fourth  avia-builder-el-15  el_after_av_one_half  avia-builder-el-last  flex_column_div  '     ><style type=\"text\/css\" data-created_by=\"avia_inline_auto\" id=\"style-css-av-vwmv-b99719f4c90214b4d49bdb6bfb986542\">\n.avia-image-container.av-vwmv-b99719f4c90214b4d49bdb6bfb986542 img.avia_image{\nbox-shadow:none;\n}\n.avia-image-container.av-vwmv-b99719f4c90214b4d49bdb6bfb986542 .av-image-caption-overlay-center{\ncolor:#ffffff;\n}\n<\/style>\n<div  class='avia-image-container av-vwmv-b99719f4c90214b4d49bdb6bfb986542 av-styling- avia-align-center  avia-builder-el-16  avia-builder-el-no-sibling '   itemprop=\"image\" itemscope=\"itemscope\" itemtype=\"https:\/\/schema.org\/ImageObject\" ><div class=\"avia-image-container-inner\"><div class=\"avia-image-overlay-wrap\"><img decoding=\"async\" fetchpriority=\"high\" class='wp-image-569 avia-img-lazy-loading-not-569 avia_image ' src=\"https:\/\/szinkartya.eu\/wp-content\/uploads\/NEUM_logo_vector.svg\" alt='NEUM log\u00f3' title='NEUM_logo_vector'  height=\"176\" width=\"500\"  itemprop=\"thumbnailUrl\"  \/><\/div><\/div><\/div><\/div>\n\n","protected":false},"excerpt":{"rendered":"","protected":false},"author":1,"featured_media":0,"parent":0,"menu_order":0,"comment_status":"open","ping_status":"open","template":"","meta":{"footnotes":""},"class_list":["post-631","page","type-page","status-publish","hentry"],"yoast_head":"<!-- This site is optimized with the Yoast SEO Premium plugin v26.7 (Yoast SEO v26.7) - https:\/\/yoast.com\/wordpress\/plugins\/seo\/ -->\n<title>Contact - Fo-Ton Bt<\/title>\n<meta name=\"robots\" content=\"index, follow, max-snippet:-1, max-image-preview:large, max-video-preview:-1\" \/>\n<link rel=\"canonical\" href=\"https:\/\/szinkartya.eu\/en\/contact\/\" \/>\n<meta property=\"og:locale\" content=\"en_US\" \/>\n<meta property=\"og:type\" content=\"article\" \/>\n<meta property=\"og:title\" content=\"Contact\" \/>\n<meta property=\"og:url\" content=\"https:\/\/szinkartya.eu\/en\/contact\/\" \/>\n<meta property=\"og:site_name\" content=\"Fo-Ton Bt\" \/>\n<meta property=\"article:modified_time\" content=\"2026-01-16T07:24:16+00:00\" \/>\n<meta name=\"twitter:card\" content=\"summary_large_image\" \/>\n<meta name=\"twitter:label1\" content=\"Est. reading time\" \/>\n\t<meta name=\"twitter:data1\" content=\"1 minute\" \/>\n<script type=\"application\/ld+json\" class=\"yoast-schema-graph\">{\"@context\":\"https:\/\/schema.org\",\"@graph\":[{\"@type\":\"WebPage\",\"@id\":\"https:\/\/szinkartya.eu\/en\/contact\/\",\"url\":\"https:\/\/szinkartya.eu\/en\/contact\/\",\"name\":\"Contact - Fo-Ton Bt\",\"isPartOf\":{\"@id\":\"https:\/\/szinkartya.eu\/#website\"},\"datePublished\":\"2015-07-16T07:12:51+00:00\",\"dateModified\":\"2026-01-16T07:24:16+00:00\",\"breadcrumb\":{\"@id\":\"https:\/\/szinkartya.eu\/en\/contact\/#breadcrumb\"},\"inLanguage\":\"en-US\",\"potentialAction\":[{\"@type\":\"ReadAction\",\"target\":[\"https:\/\/szinkartya.eu\/en\/contact\/\"]}]},{\"@type\":\"BreadcrumbList\",\"@id\":\"https:\/\/szinkartya.eu\/en\/contact\/#breadcrumb\",\"itemListElement\":[{\"@type\":\"ListItem\",\"position\":1,\"name\":\"Kezd\u0151lap\",\"item\":\"https:\/\/szinkartya.eu\/\"},{\"@type\":\"ListItem\",\"position\":2,\"name\":\"Contact\"}]},{\"@type\":\"WebSite\",\"@id\":\"https:\/\/szinkartya.eu\/#website\",\"url\":\"https:\/\/szinkartya.eu\/\",\"name\":\"Fo-Ton Bt\",\"description\":\"\",\"potentialAction\":[{\"@type\":\"SearchAction\",\"target\":{\"@type\":\"EntryPoint\",\"urlTemplate\":\"https:\/\/szinkartya.eu\/?s={search_term_string}\"},\"query-input\":{\"@type\":\"PropertyValueSpecification\",\"valueRequired\":true,\"valueName\":\"search_term_string\"}}],\"inLanguage\":\"en-US\"}]}<\/script>\n<!-- \/ Yoast SEO Premium plugin. -->","yoast_head_json":{"title":"Contact - Fo-Ton Bt","robots":{"index":"index","follow":"follow","max-snippet":"max-snippet:-1","max-image-preview":"max-image-preview:large","max-video-preview":"max-video-preview:-1"},"canonical":"https:\/\/szinkartya.eu\/en\/contact\/","og_locale":"en_US","og_type":"article","og_title":"Contact","og_url":"https:\/\/szinkartya.eu\/en\/contact\/","og_site_name":"Fo-Ton Bt","article_modified_time":"2026-01-16T07:24:16+00:00","twitter_card":"summary_large_image","twitter_misc":{"Est. reading time":"1 minute"},"schema":{"@context":"https:\/\/schema.org","@graph":[{"@type":"WebPage","@id":"https:\/\/szinkartya.eu\/en\/contact\/","url":"https:\/\/szinkartya.eu\/en\/contact\/","name":"Contact - Fo-Ton Bt","isPartOf":{"@id":"https:\/\/szinkartya.eu\/#website"},"datePublished":"2015-07-16T07:12:51+00:00","dateModified":"2026-01-16T07:24:16+00:00","breadcrumb":{"@id":"https:\/\/szinkartya.eu\/en\/contact\/#breadcrumb"},"inLanguage":"en-US","potentialAction":[{"@type":"ReadAction","target":["https:\/\/szinkartya.eu\/en\/contact\/"]}]},{"@type":"BreadcrumbList","@id":"https:\/\/szinkartya.eu\/en\/contact\/#breadcrumb","itemListElement":[{"@type":"ListItem","position":1,"name":"Kezd\u0151lap","item":"https:\/\/szinkartya.eu\/"},{"@type":"ListItem","position":2,"name":"Contact"}]},{"@type":"WebSite","@id":"https:\/\/szinkartya.eu\/#website","url":"https:\/\/szinkartya.eu\/","name":"Fo-Ton Bt","description":"","potentialAction":[{"@type":"SearchAction","target":{"@type":"EntryPoint","urlTemplate":"https:\/\/szinkartya.eu\/?s={search_term_string}"},"query-input":{"@type":"PropertyValueSpecification","valueRequired":true,"valueName":"search_term_string"}}],"inLanguage":"en-US"}]}},"_links":{"self":[{"href":"https:\/\/szinkartya.eu\/en\/wp-json\/wp\/v2\/pages\/631","targetHints":{"allow":["GET"]}}],"collection":[{"href":"https:\/\/szinkartya.eu\/en\/wp-json\/wp\/v2\/pages"}],"about":[{"href":"https:\/\/szinkartya.eu\/en\/wp-json\/wp\/v2\/types\/page"}],"author":[{"embeddable":true,"href":"https:\/\/szinkartya.eu\/en\/wp-json\/wp\/v2\/users\/1"}],"replies":[{"embeddable":true,"href":"https:\/\/szinkartya.eu\/en\/wp-json\/wp\/v2\/comments?post=631"}],"version-history":[{"count":4,"href":"https:\/\/szinkartya.eu\/en\/wp-json\/wp\/v2\/pages\/631\/revisions"}],"predecessor-version":[{"id":705,"href":"https:\/\/szinkartya.eu\/en\/wp-json\/wp\/v2\/pages\/631\/revisions\/705"}],"wp:attachment":[{"href":"https:\/\/szinkartya.eu\/en\/wp-json\/wp\/v2\/media?parent=631"}],"curies":[{"name":"wp","href":"https:\/\/api.w.org\/{rel}","templated":true}]}}