{"id":667,"date":"2015-07-14T16:12:07","date_gmt":"2015-07-14T14:12:07","guid":{"rendered":"https:\/\/szinkartya.eu\/?page_id=667"},"modified":"2025-08-14T09:27:01","modified_gmt":"2025-08-14T07:27:01","slug":"produkte","status":"publish","type":"page","link":"https:\/\/szinkartya.eu\/de\/produkte\/","title":{"rendered":"Produkte"},"content":{"rendered":"\n<style type=\"text\/css\" data-created_by=\"avia_inline_auto\" id=\"style-css-av-mcony7dt-e02b8803a65d1dce645636e0590d903b\">\n.avia-section.av-mcony7dt-e02b8803a65d1dce645636e0590d903b{\nbackground-repeat:no-repeat;\nbackground-image:url(https:\/\/szinkartya.eu\/wp-content\/uploads\/2015\/07\/Peakston_szinkartya.jpg);\nbackground-position:50% 50%;\nbackground-attachment:fixed;\n}\n<\/style>\n<div id='av_section_1'  class='avia-section av-mcony7dt-e02b8803a65d1dce645636e0590d903b main_color avia-section-default avia-no-border-styling  avia-builder-el-0  el_before_av_heading  avia-builder-el-first  avia-bg-style-fixed container_wrap fullsize'  data-section-bg-repeat='no-repeat'><div class='container av-section-cont-open' ><main  role=\"main\" itemprop=\"mainContentOfPage\"  class='template-page content  av-content-full alpha units'><div class='post-entry post-entry-type-page post-entry-667'><div class='entry-content-wrapper clearfix'><\/div><\/div><\/main><!-- close content main element --><\/div><\/div><div id='after_section_1'  class='main_color av_default_container_wrap container_wrap fullsize'  ><div class='container av-section-cont-open' ><div class='template-page content  av-content-full alpha units'><div class='post-entry post-entry-type-page post-entry-667'><div class='entry-content-wrapper clearfix'>\n\n<style type=\"text\/css\" data-created_by=\"avia_inline_auto\" id=\"style-css-av-q8aoe-4f5f2b0761d56fc904fe585e83ef16e2\">\n#top .av-special-heading.av-q8aoe-4f5f2b0761d56fc904fe585e83ef16e2{\npadding-bottom:0;\ncolor:#000000;\nfont-size:40px;\n}\nbody .av-special-heading.av-q8aoe-4f5f2b0761d56fc904fe585e83ef16e2 .av-special-heading-tag .heading-char{\nfont-size:25px;\n}\n#top #wrap_all .av-special-heading.av-q8aoe-4f5f2b0761d56fc904fe585e83ef16e2 .av-special-heading-tag{\nfont-size:40px;\n}\n.av-special-heading.av-q8aoe-4f5f2b0761d56fc904fe585e83ef16e2 .special-heading-inner-border{\nborder-color:#000000;\n}\n.av-special-heading.av-q8aoe-4f5f2b0761d56fc904fe585e83ef16e2 .av-subheading{\nfont-size:15px;\n}\n\n@media only screen and (min-width: 480px) and (max-width: 767px){ \n#top #wrap_all .av-special-heading.av-q8aoe-4f5f2b0761d56fc904fe585e83ef16e2 .av-special-heading-tag{\nfont-size:0.8em;\n}\n}\n\n@media only screen and (max-width: 479px){ \n#top #wrap_all .av-special-heading.av-q8aoe-4f5f2b0761d56fc904fe585e83ef16e2 .av-special-heading-tag{\nfont-size:0.8em;\n}\n}\n<\/style>\n<div  class='av-special-heading av-q8aoe-4f5f2b0761d56fc904fe585e83ef16e2 av-special-heading-h1 custom-color-heading blockquote modern-quote modern-centered  avia-builder-el-1  el_after_av_section  el_before_av_hr  avia-builder-el-first  av-inherit-size'><h1 class='av-special-heading-tag '  itemprop=\"headline\"  >Fotos unserer Produkte<\/h1><div class=\"special-heading-border\"><div class=\"special-heading-inner-border\"><\/div><\/div><\/div>\n\n<style type=\"text\/css\" data-created_by=\"avia_inline_auto\" id=\"style-css-av-ndy9i-c5dec90cfd8f3797a0f7a2f2212bdc94\">\n#top .hr.hr-invisible.av-ndy9i-c5dec90cfd8f3797a0f7a2f2212bdc94{\nheight:80px;\n}\n<\/style>\n<div  class='hr av-ndy9i-c5dec90cfd8f3797a0f7a2f2212bdc94 hr-invisible  avia-builder-el-2  el_after_av_heading  el_before_av_textblock '><span class='hr-inner '><span class=\"hr-inner-style\"><\/span><\/span><\/div>\n\n<style type=\"text\/css\" data-created_by=\"avia_inline_auto\" id=\"style-css-av-mea2u7fu-d30bcffc487958cd4eaa28d16fbb0902\">\n#top .av_textblock_section.av-mea2u7fu-d30bcffc487958cd4eaa28d16fbb0902 .avia_textblock{\nfont-size:17px;\ncolor:#000000;\n}\n<\/style>\n<section  class='av_textblock_section av-mea2u7fu-d30bcffc487958cd4eaa28d16fbb0902 '   itemscope=\"itemscope\" itemtype=\"https:\/\/schema.org\/CreativeWork\" ><div class='avia_textblock av_inherit_color'  itemprop=\"text\" ><p style=\"text-align: center;\">Unsere Firma\u00a0befasst sich\u00a0nicht nur mit der Anfertigung\u00a0der Farbmuster und Farbkarten, die sich\u00a0f\u00fcr Ihre Verwertung anpasst, sondern auch\u00a0deren\u00a0<strong>grafisch-planifizierte\u00a0Verarbeitung und Vorbereitung. \u00a0\u00a0\u00a0\u00a0\u00a0\u00a0<\/strong><\/p>\n<\/div><\/section>\n\n<style type=\"text\/css\" data-created_by=\"avia_inline_auto\" id=\"style-css-av-gq05a-e67b5a58da98845fdf470e3712f776f8\">\n.flex_column.av-gq05a-e67b5a58da98845fdf470e3712f776f8{\nborder-radius:0px 0px 0px 0px;\npadding:0px 0px 0px 0px;\n}\n<\/style>\n<div  class='flex_column av-gq05a-e67b5a58da98845fdf470e3712f776f8 av_one_full  avia-builder-el-4  el_after_av_textblock  el_before_av_section  avia-builder-el-last  first flex_column_div av-zero-column-padding  column-top-margin'     ><div id='av-masonry-1' class='av-masonry av-82zdy-1a593fc586b8d120c20012930308b536 noHover av-fixed-size av-large-gap av-hover-overlay-active av-masonry-animation-active av-masonry-col-3 av-caption-on-hover-hide av-caption-style-overlay av-masonry-entries ' data-post_id=\"667\"><div class=\"av-masonry-container isotope av-js-disabled\"><div class='av-masonry-entry isotope-item av-masonry-item-no-image all_sort produkte_sort '><\/div><a href=\"https:\/\/szinkartya.eu\/de\/termekek\/holzindustrielle-oberflaechenbedienende-materialien\/\"  id='av-masonry-1-item-670' data-av-masonry-item='670' class='av-masonry-entry isotope-item post-670 portfolio type-portfolio status-publish has-post-thumbnail hentry portfolio_entries-produkte all_sort produkte_sort  av-masonry-item-with-image av-grid-img' title=\"Bondex Classic legyez\u0151s\"   itemscope=\"itemscope\" itemtype=\"https:\/\/schema.org\/CreativeWork\" ><div class='av-inner-masonry-sizer'><\/div><figure class='av-inner-masonry main_color'><div class=\"av-masonry-outerimage-container\"><div class='av-masonry-image-container' style=\"background-image: url(https:\/\/szinkartya.eu\/wp-content\/uploads\/Bondex-Classic-legyezos-619x705.jpg);\"  title=\"Bondex Classic legyez\u0151s\" ><\/div><\/div><figcaption class='av-inner-masonry-content site-background'><div class='av-inner-masonry-content-pos'><div class='av-inner-masonry-content-pos-content'><div class='avia-arrow'><\/div><h3 class='av-masonry-entry-title entry-title '  itemprop=\"headline\" >Holzindustrielle oberfl\u00e4chenbedienende Materialien<\/h3><\/div><\/div><\/figcaption><\/figure><\/a><!--end av-masonry entry--><a href=\"https:\/\/szinkartya.eu\/de\/termekek\/farben\/\"  id='av-masonry-1-item-673' data-av-masonry-item='673' class='av-masonry-entry isotope-item post-673 portfolio type-portfolio status-publish has-post-thumbnail hentry portfolio_entries-produkte all_sort produkte_sort  av-masonry-item-with-image av-grid-img' title=\"Supralux zom\u00e1ncpanel\"   itemscope=\"itemscope\" itemtype=\"https:\/\/schema.org\/CreativeWork\" ><div class='av-inner-masonry-sizer'><\/div><figure class='av-inner-masonry main_color'><div class=\"av-masonry-outerimage-container\"><div class='av-masonry-image-container' style=\"background-image: url(https:\/\/szinkartya.eu\/wp-content\/uploads\/2015\/07\/Supralux_zomancpanel-496x705.jpg);\"  title=\"Supralux zom\u00e1ncpanel\" ><\/div><\/div><figcaption class='av-inner-masonry-content site-background'><div class='av-inner-masonry-content-pos'><div class='av-inner-masonry-content-pos-content'><div class='avia-arrow'><\/div><h3 class='av-masonry-entry-title entry-title '  itemprop=\"headline\" >Farben<\/h3><\/div><\/div><\/figcaption><\/figure><\/a><!--end av-masonry entry--><a href=\"https:\/\/szinkartya.eu\/de\/termekek\/homlokzat-es-falfestek-mintak\/\"  id='av-masonry-1-item-675' data-av-masonry-item='675' class='av-masonry-entry isotope-item post-675 portfolio type-portfolio status-publish has-post-thumbnail hentry portfolio_entries-produkte all_sort produkte_sort  av-masonry-item-with-image av-grid-img' title=\"Peakston sz\u00ednk\u00e1rtya\"   itemscope=\"itemscope\" itemtype=\"https:\/\/schema.org\/CreativeWork\" ><div class='av-inner-masonry-sizer'><\/div><figure class='av-inner-masonry main_color'><div class=\"av-masonry-outerimage-container\"><div class='av-masonry-image-container' style=\"background-image: url(https:\/\/szinkartya.eu\/wp-content\/uploads\/2015\/07\/Peakston_szinkartya-705x373.jpg);\"  title=\"Peakston sz\u00ednk\u00e1rtya\" ><\/div><\/div><figcaption class='av-inner-masonry-content site-background'><div class='av-inner-masonry-content-pos'><div class='av-inner-masonry-content-pos-content'><div class='avia-arrow'><\/div><h3 class='av-masonry-entry-title entry-title '  itemprop=\"headline\" >Fassade-und Wandfarben<\/h3><\/div><\/div><\/figcaption><\/figure><\/a><!--end av-masonry entry--><a href=\"https:\/\/szinkartya.eu\/de\/termekek\/moertel\/\"  id='av-masonry-1-item-679' data-av-masonry-item='679' class='av-masonry-entry isotope-item post-679 portfolio type-portfolio status-publish has-post-thumbnail hentry portfolio_entries-produkte all_sort produkte_sort  av-masonry-item-with-image av-grid-img' title=\"Sakret nemesvakolatt\u00e1bla\"   itemscope=\"itemscope\" itemtype=\"https:\/\/schema.org\/CreativeWork\" ><div class='av-inner-masonry-sizer'><\/div><figure class='av-inner-masonry main_color'><div class=\"av-masonry-outerimage-container\"><div class='av-masonry-image-container' style=\"background-image: url(https:\/\/szinkartya.eu\/wp-content\/uploads\/2015\/07\/Sakret_nemesvakolattabla-508x705.jpg);\"  title=\"Sakret nemesvakolatt\u00e1bla\" ><\/div><\/div><figcaption class='av-inner-masonry-content site-background'><div class='av-inner-masonry-content-pos'><div class='av-inner-masonry-content-pos-content'><div class='avia-arrow'><\/div><h3 class='av-masonry-entry-title entry-title '  itemprop=\"headline\" >M\u00f6rtel<\/h3><\/div><\/div><\/figcaption><\/figure><\/a><!--end av-masonry entry--><a href=\"https:\/\/szinkartya.eu\/de\/termekek\/andere-dekorationsmaterialien\/\"  id='av-masonry-1-item-681' data-av-masonry-item='681' class='av-masonry-entry isotope-item post-681 portfolio type-portfolio status-publish has-post-thumbnail hentry tag-landscape-de portfolio_entries-produkte all_sort produkte_sort  av-masonry-item-with-image av-landscape-img' title=\"BASF vakolatt\u00e1bla\"   itemscope=\"itemscope\" itemtype=\"https:\/\/schema.org\/CreativeWork\" ><div class='av-inner-masonry-sizer'><\/div><figure class='av-inner-masonry main_color'><div class=\"av-masonry-outerimage-container\"><div class='av-masonry-image-container' style=\"background-image: url(https:\/\/szinkartya.eu\/wp-content\/uploads\/2015\/07\/BASF_vakolattabla-705x360.jpg);\"  title=\"BASF vakolatt\u00e1bla\" ><\/div><\/div><figcaption class='av-inner-masonry-content site-background'><div class='av-inner-masonry-content-pos'><div class='av-inner-masonry-content-pos-content'><div class='avia-arrow'><\/div><h3 class='av-masonry-entry-title entry-title '  itemprop=\"headline\" >Andere Dekorationsmaterialien<\/h3><\/div><\/div><\/figcaption><\/figure><\/a><!--end av-masonry entry--><\/div><\/div><\/div>\n<\/div><\/div><\/div><!-- close content main div --><\/div><\/div><div id='av_section_2'  class='avia-section av-1b0xqb-1026c6a13a223ee09037dcc3470a56e1 main_color avia-section-default avia-no-border-styling  avia-builder-el-6  el_after_av_one_full  avia-builder-el-last  avia-bg-style-scroll container_wrap fullsize'  ><div class='container av-section-cont-open' ><div class='template-page content  av-content-full alpha units'><div class='post-entry post-entry-type-page post-entry-667'><div class='entry-content-wrapper clearfix'>\n<div  class='flex_column av-14a0cz-f0be06b3d3c11ae0ea8744d78860cb56 av_one_fourth  avia-builder-el-7  el_before_av_one_half  avia-builder-el-first  first flex_column_div  '     ><style type=\"text\/css\" data-created_by=\"avia_inline_auto\" id=\"style-css-av-wz8hf-003615d50ca61d4de12db36047e7abb7\">\n.avia-image-container.av-wz8hf-003615d50ca61d4de12db36047e7abb7 img.avia_image{\nbox-shadow:none;\n}\n.avia-image-container.av-wz8hf-003615d50ca61d4de12db36047e7abb7 .av-image-caption-overlay-center{\ncolor:#ffffff;\n}\n<\/style>\n<div  class='avia-image-container av-wz8hf-003615d50ca61d4de12db36047e7abb7 av-styling- avia-align-center  avia-builder-el-8  avia-builder-el-no-sibling '   itemprop=\"image\" itemscope=\"itemscope\" itemtype=\"https:\/\/schema.org\/ImageObject\" ><div class=\"avia-image-container-inner\"><div class=\"avia-image-overlay-wrap\"><img decoding=\"async\" fetchpriority=\"high\" class='wp-image-568 avia-img-lazy-loading-not-568 avia_image ' src=\"https:\/\/szinkartya.eu\/wp-content\/uploads\/DSP_logo_vector.svg\" alt='DSP log\u00f3' title='DSP_logo_vector'  height=\"276.4\" width=\"500\"  itemprop=\"thumbnailUrl\"  \/><\/div><\/div><\/div><\/div><div  class='flex_column av-rqasb-62b0d802019208aede706db6bf19fbea av_one_half  avia-builder-el-9  el_after_av_one_fourth  el_before_av_one_fourth  flex_column_div  '     ><style type=\"text\/css\" data-created_by=\"avia_inline_auto\" id=\"style-css-av-mfy5v-fd66716a6db07a67abe23eaa5cfb85bc\">\n#top .av_textblock_section.av-mfy5v-fd66716a6db07a67abe23eaa5cfb85bc .avia_textblock{\nfont-size:18px;\ncolor:#000000;\n}\n<\/style>\n<section  class='av_textblock_section av-mfy5v-fd66716a6db07a67abe23eaa5cfb85bc '   itemscope=\"itemscope\" itemtype=\"https:\/\/schema.org\/CreativeWork\" ><div class='avia_textblock demjan av_inherit_color'  itemprop=\"text\" ><p style=\"text-align: center;\">Die Website wurde im Rahmen des Programms von S\u00e1ndor Demj\u00e1n und mit dessen Unterst\u00fctzung realisiert.<\/p>\n<\/div><\/section><\/div><div  class='flex_column av-1o08j-f1c84982b75c7b84e2cdb41c608ed1fe av_one_fourth  avia-builder-el-11  el_after_av_one_half  avia-builder-el-last  flex_column_div  '     ><style type=\"text\/css\" data-created_by=\"avia_inline_auto\" id=\"style-css-av-bb0ir-12449ae7b6263a5662b3e7d653a70cf7\">\n.avia-image-container.av-bb0ir-12449ae7b6263a5662b3e7d653a70cf7 img.avia_image{\nbox-shadow:none;\n}\n.avia-image-container.av-bb0ir-12449ae7b6263a5662b3e7d653a70cf7 .av-image-caption-overlay-center{\ncolor:#ffffff;\n}\n<\/style>\n<div  class='avia-image-container av-bb0ir-12449ae7b6263a5662b3e7d653a70cf7 av-styling- avia-align-center  avia-builder-el-12  avia-builder-el-no-sibling '   itemprop=\"image\" itemscope=\"itemscope\" itemtype=\"https:\/\/schema.org\/ImageObject\" ><div class=\"avia-image-container-inner\"><div class=\"avia-image-overlay-wrap\"><img decoding=\"async\" fetchpriority=\"high\" class='wp-image-570 avia-img-lazy-loading-not-570 avia_image ' src=\"https:\/\/szinkartya.eu\/wp-content\/uploads\/NEUM_logo_vector.svg\" alt='NEUM log\u00f3' title='NEUM_logo_vector'  height=\"176\" width=\"500\"  itemprop=\"thumbnailUrl\"  \/><\/div><\/div><\/div><\/div>\n\n","protected":false},"excerpt":{"rendered":"","protected":false},"author":1,"featured_media":0,"parent":0,"menu_order":0,"comment_status":"open","ping_status":"open","template":"","meta":{"footnotes":""},"class_list":["post-667","page","type-page","status-publish","hentry"],"yoast_head":"<!-- This site is optimized with the Yoast SEO Premium plugin v26.7 (Yoast SEO v26.7) - https:\/\/yoast.com\/wordpress\/plugins\/seo\/ -->\n<title>Produkte - Fo-Ton Bt<\/title>\n<meta name=\"robots\" content=\"index, follow, max-snippet:-1, max-image-preview:large, max-video-preview:-1\" \/>\n<link rel=\"canonical\" href=\"https:\/\/szinkartya.eu\/de\/produkte\/\" \/>\n<meta property=\"og:locale\" content=\"de_DE\" \/>\n<meta property=\"og:type\" content=\"article\" \/>\n<meta property=\"og:title\" content=\"Produkte\" \/>\n<meta property=\"og:url\" content=\"https:\/\/szinkartya.eu\/de\/produkte\/\" \/>\n<meta property=\"og:site_name\" content=\"Fo-Ton Bt\" \/>\n<meta property=\"article:modified_time\" content=\"2025-08-14T07:27:01+00:00\" \/>\n<meta name=\"twitter:card\" content=\"summary_large_image\" \/>\n<meta name=\"twitter:label1\" content=\"Gesch\u00e4tzte Lesezeit\" \/>\n\t<meta name=\"twitter:data1\" content=\"20\u00a0Minuten\" \/>\n<script type=\"application\/ld+json\" class=\"yoast-schema-graph\">{\"@context\":\"https:\/\/schema.org\",\"@graph\":[{\"@type\":\"WebPage\",\"@id\":\"https:\/\/szinkartya.eu\/de\/produkte\/\",\"url\":\"https:\/\/szinkartya.eu\/de\/produkte\/\",\"name\":\"Produkte - Fo-Ton Bt\",\"isPartOf\":{\"@id\":\"https:\/\/szinkartya.eu\/#website\"},\"datePublished\":\"2015-07-14T14:12:07+00:00\",\"dateModified\":\"2025-08-14T07:27:01+00:00\",\"breadcrumb\":{\"@id\":\"https:\/\/szinkartya.eu\/de\/produkte\/#breadcrumb\"},\"inLanguage\":\"de\",\"potentialAction\":[{\"@type\":\"ReadAction\",\"target\":[\"https:\/\/szinkartya.eu\/de\/produkte\/\"]}]},{\"@type\":\"BreadcrumbList\",\"@id\":\"https:\/\/szinkartya.eu\/de\/produkte\/#breadcrumb\",\"itemListElement\":[{\"@type\":\"ListItem\",\"position\":1,\"name\":\"Kezd\u0151lap\",\"item\":\"https:\/\/szinkartya.eu\/\"},{\"@type\":\"ListItem\",\"position\":2,\"name\":\"Produkte\"}]},{\"@type\":\"WebSite\",\"@id\":\"https:\/\/szinkartya.eu\/#website\",\"url\":\"https:\/\/szinkartya.eu\/\",\"name\":\"Fo-Ton Bt\",\"description\":\"\",\"potentialAction\":[{\"@type\":\"SearchAction\",\"target\":{\"@type\":\"EntryPoint\",\"urlTemplate\":\"https:\/\/szinkartya.eu\/?s={search_term_string}\"},\"query-input\":{\"@type\":\"PropertyValueSpecification\",\"valueRequired\":true,\"valueName\":\"search_term_string\"}}],\"inLanguage\":\"de\"}]}<\/script>\n<!-- \/ Yoast SEO Premium plugin. -->","yoast_head_json":{"title":"Produkte - Fo-Ton Bt","robots":{"index":"index","follow":"follow","max-snippet":"max-snippet:-1","max-image-preview":"max-image-preview:large","max-video-preview":"max-video-preview:-1"},"canonical":"https:\/\/szinkartya.eu\/de\/produkte\/","og_locale":"de_DE","og_type":"article","og_title":"Produkte","og_url":"https:\/\/szinkartya.eu\/de\/produkte\/","og_site_name":"Fo-Ton Bt","article_modified_time":"2025-08-14T07:27:01+00:00","twitter_card":"summary_large_image","twitter_misc":{"Gesch\u00e4tzte Lesezeit":"20\u00a0Minuten"},"schema":{"@context":"https:\/\/schema.org","@graph":[{"@type":"WebPage","@id":"https:\/\/szinkartya.eu\/de\/produkte\/","url":"https:\/\/szinkartya.eu\/de\/produkte\/","name":"Produkte - Fo-Ton Bt","isPartOf":{"@id":"https:\/\/szinkartya.eu\/#website"},"datePublished":"2015-07-14T14:12:07+00:00","dateModified":"2025-08-14T07:27:01+00:00","breadcrumb":{"@id":"https:\/\/szinkartya.eu\/de\/produkte\/#breadcrumb"},"inLanguage":"de","potentialAction":[{"@type":"ReadAction","target":["https:\/\/szinkartya.eu\/de\/produkte\/"]}]},{"@type":"BreadcrumbList","@id":"https:\/\/szinkartya.eu\/de\/produkte\/#breadcrumb","itemListElement":[{"@type":"ListItem","position":1,"name":"Kezd\u0151lap","item":"https:\/\/szinkartya.eu\/"},{"@type":"ListItem","position":2,"name":"Produkte"}]},{"@type":"WebSite","@id":"https:\/\/szinkartya.eu\/#website","url":"https:\/\/szinkartya.eu\/","name":"Fo-Ton Bt","description":"","potentialAction":[{"@type":"SearchAction","target":{"@type":"EntryPoint","urlTemplate":"https:\/\/szinkartya.eu\/?s={search_term_string}"},"query-input":{"@type":"PropertyValueSpecification","valueRequired":true,"valueName":"search_term_string"}}],"inLanguage":"de"}]}},"_links":{"self":[{"href":"https:\/\/szinkartya.eu\/de\/wp-json\/wp\/v2\/pages\/667","targetHints":{"allow":["GET"]}}],"collection":[{"href":"https:\/\/szinkartya.eu\/de\/wp-json\/wp\/v2\/pages"}],"about":[{"href":"https:\/\/szinkartya.eu\/de\/wp-json\/wp\/v2\/types\/page"}],"author":[{"embeddable":true,"href":"https:\/\/szinkartya.eu\/de\/wp-json\/wp\/v2\/users\/1"}],"replies":[{"embeddable":true,"href":"https:\/\/szinkartya.eu\/de\/wp-json\/wp\/v2\/comments?post=667"}],"version-history":[{"count":2,"href":"https:\/\/szinkartya.eu\/de\/wp-json\/wp\/v2\/pages\/667\/revisions"}],"predecessor-version":[{"id":669,"href":"https:\/\/szinkartya.eu\/de\/wp-json\/wp\/v2\/pages\/667\/revisions\/669"}],"wp:attachment":[{"href":"https:\/\/szinkartya.eu\/de\/wp-json\/wp\/v2\/media?parent=667"}],"curies":[{"name":"wp","href":"https:\/\/api.w.org\/{rel}","templated":true}]}}