{"id":665,"date":"2025-07-03T15:30:30","date_gmt":"2025-07-03T13:30:30","guid":{"rendered":"https:\/\/szinkartya.eu\/?page_id=665"},"modified":"2025-08-14T09:22:42","modified_gmt":"2025-08-14T07:22:42","slug":"unsere-partner","status":"publish","type":"page","link":"https:\/\/szinkartya.eu\/de\/unsere-partner\/","title":{"rendered":"Unsere Partner"},"content":{"rendered":"\n<style type=\"text\/css\" data-created_by=\"avia_inline_auto\" id=\"style-css-av-mcoohm9d-7a8b6af8a066315753ca2ca0ce4f034e\">\n.avia-section.av-mcoohm9d-7a8b6af8a066315753ca2ca0ce4f034e{\nbackground-repeat:no-repeat;\nbackground-image:url(https:\/\/szinkartya.eu\/wp-content\/uploads\/2015\/07\/Peakston_szinkartya.jpg);\nbackground-position:50% 50%;\nbackground-attachment:fixed;\n}\n<\/style>\n<div id='av_section_1'  class='avia-section av-mcoohm9d-7a8b6af8a066315753ca2ca0ce4f034e main_color avia-section-default avia-no-border-styling  avia-builder-el-0  el_before_av_section  avia-builder-el-first  avia-bg-style-fixed container_wrap fullsize'  data-section-bg-repeat='no-repeat'><div class='container av-section-cont-open' ><main  role=\"main\" itemprop=\"mainContentOfPage\"  class='template-page content  av-content-full alpha units'><div class='post-entry post-entry-type-page post-entry-665'><div class='entry-content-wrapper clearfix'>\n<\/div><\/div><\/main><!-- close content main element --><\/div><\/div><div id='av_section_2'  class='avia-section av-be6dx-b7453df7207399a41b88e8647caa7cdd main_color avia-section-default avia-no-border-styling  avia-builder-el-1  el_after_av_section  el_before_av_section  avia-bg-style-scroll container_wrap fullsize'  ><div class='container av-section-cont-open' ><div class='template-page content  av-content-full alpha units'><div class='post-entry post-entry-type-page post-entry-665'><div class='entry-content-wrapper clearfix'>\n<div  class='flex_column av-5j7slh-bc709c6e434f0c7fcc2749b6657504d1 av_one_full  avia-builder-el-2  el_before_av_one_full  avia-builder-el-first  first flex_column_div  '     ><style type=\"text\/css\" data-created_by=\"avia_inline_auto\" id=\"style-css-av-mcooiic7-0b7aff2a709b403cbfe4099ea8484e2c\">\n#top .av-special-heading.av-mcooiic7-0b7aff2a709b403cbfe4099ea8484e2c{\npadding-bottom:10px;\n}\nbody .av-special-heading.av-mcooiic7-0b7aff2a709b403cbfe4099ea8484e2c .av-special-heading-tag .heading-char{\nfont-size:25px;\n}\n.av-special-heading.av-mcooiic7-0b7aff2a709b403cbfe4099ea8484e2c .av-subheading{\nfont-size:15px;\n}\n<\/style>\n<div  class='av-special-heading av-mcooiic7-0b7aff2a709b403cbfe4099ea8484e2c av-special-heading-h1 blockquote modern-quote modern-centered  avia-builder-el-3  avia-builder-el-no-sibling '><h1 class='av-special-heading-tag '  itemprop=\"headline\"  >Unsere Partner <\/h1><div class=\"special-heading-border\"><div class=\"special-heading-inner-border\"><\/div><\/div><\/div><\/div><div  class='flex_column av-j5mkl-9ce8a880d558b0b8e6f451a36f8f0674 av_one_full  avia-builder-el-4  el_after_av_one_full  avia-builder-el-last  first flex_column_div  column-top-margin'     ><style type=\"text\/css\" data-created_by=\"avia_inline_auto\" id=\"style-css-av-mcq6lj9u-bc1a2ed3d8bc7c9ec3ec7115d156627c\">\n#top .av_textblock_section.av-mcq6lj9u-bc1a2ed3d8bc7c9ec3ec7115d156627c .avia_textblock{\nfont-size:18px;\ncolor:#636363;\n}\n<\/style>\n<section  class='av_textblock_section av-mcq6lj9u-bc1a2ed3d8bc7c9ec3ec7115d156627c '   itemscope=\"itemscope\" itemtype=\"https:\/\/schema.org\/CreativeWork\" ><div class='avia_textblock av_inherit_color'  itemprop=\"text\" ><p style=\"text-align: center;\">Akzo Nobel,<\/p>\n<p style=\"text-align: center;\">BASF Hung\u00e1ria<\/p>\n<p style=\"text-align: center;\">Decora<\/p>\n<p style=\"text-align: center;\">Henelit International<\/p>\n<p style=\"text-align: center;\">Henkel Magyarorsz\u00e1g<\/p>\n<p style=\"text-align: center;\">Jub<\/p>\n<p style=\"text-align: center;\">Kvarc-\u00c1sv\u00e1ny<\/p>\n<p style=\"text-align: center;\">Masterplast Hung\u00e1ria<\/p>\n<p style=\"text-align: center;\">Peakston<\/p>\n<p style=\"text-align: center;\">Profi Hung\u00e1ria<\/p>\n<p style=\"text-align: center;\">PPG Trilak<\/p>\n<p style=\"text-align: center;\">Sakret Hung\u00e1ria<\/p>\n<p style=\"text-align: center;\">Saint Gobain Weber Terranova<\/p>\n<p style=\"text-align: center;\">Sika<\/p>\n<\/div><\/section><\/div><\/div><\/div><\/div><!-- close content main div --><\/div><\/div><div id='av_section_3'  class='avia-section av-av_section-d5102fe9958d1af3c4fc5c0d45a0bd10 main_color avia-section-default avia-no-border-styling  avia-builder-el-6  el_after_av_section  avia-builder-el-last  avia-bg-style-scroll container_wrap fullsize'  ><div class='container av-section-cont-open' ><div class='template-page content  av-content-full alpha units'><div class='post-entry post-entry-type-page post-entry-665'><div class='entry-content-wrapper clearfix'>\n<div  class='flex_column av-av_one_fourth-5c447c6b162ba6bbeb434806b08e6f7b av_one_fourth  avia-builder-el-7  el_before_av_one_half  avia-builder-el-first  first flex_column_div  '     ><style type=\"text\/css\" data-created_by=\"avia_inline_auto\" id=\"style-css-av-av_image-7cc08522056f660e612d6e5d17057453\">\n.avia-image-container.av-av_image-7cc08522056f660e612d6e5d17057453 img.avia_image{\nbox-shadow:none;\n}\n.avia-image-container.av-av_image-7cc08522056f660e612d6e5d17057453 .av-image-caption-overlay-center{\ncolor:#ffffff;\n}\n<\/style>\n<div  class='avia-image-container av-av_image-7cc08522056f660e612d6e5d17057453 av-styling- avia-align-center  avia-builder-el-8  avia-builder-el-no-sibling '   itemprop=\"image\" itemscope=\"itemscope\" itemtype=\"https:\/\/schema.org\/ImageObject\" ><div class=\"avia-image-container-inner\"><div class=\"avia-image-overlay-wrap\"><img decoding=\"async\" fetchpriority=\"high\" class='wp-image-568 avia-img-lazy-loading-not-568 avia_image ' src=\"https:\/\/szinkartya.eu\/wp-content\/uploads\/DSP_logo_vector.svg\" alt='DSP log\u00f3' title='DSP_logo_vector'  height=\"276.4\" width=\"500\"  itemprop=\"thumbnailUrl\"  \/><\/div><\/div><\/div><\/div><div  class='flex_column av-av_one_half-fab62c87738829cf9638f8bccf190648 av_one_half  avia-builder-el-9  el_after_av_one_fourth  el_before_av_one_fourth  flex_column_div  '     ><style type=\"text\/css\" data-created_by=\"avia_inline_auto\" id=\"style-css-av-av_textblock-9ab0f31fe130f917325fa3d32b653b61\">\n#top .av_textblock_section.av-av_textblock-9ab0f31fe130f917325fa3d32b653b61 .avia_textblock{\nfont-size:18px;\ncolor:#000000;\n}\n<\/style>\n<section  class='av_textblock_section av-av_textblock-9ab0f31fe130f917325fa3d32b653b61 '   itemscope=\"itemscope\" itemtype=\"https:\/\/schema.org\/CreativeWork\" ><div class='avia_textblock demjan av_inherit_color'  itemprop=\"text\" ><p style=\"text-align: center;\">Die Website wurde im Rahmen des Programms von S\u00e1ndor Demj\u00e1n und mit dessen Unterst\u00fctzung realisiert.<\/p>\n<\/div><\/section><\/div><div  class='flex_column av-av_one_fourth-fab62c87738829cf9638f8bccf190648 av_one_fourth  avia-builder-el-11  el_after_av_one_half  avia-builder-el-last  flex_column_div  '     ><style type=\"text\/css\" data-created_by=\"avia_inline_auto\" id=\"style-css-av-av_image-1550776dea4b7de2233a7d2d9d98c386\">\n.avia-image-container.av-av_image-1550776dea4b7de2233a7d2d9d98c386 img.avia_image{\nbox-shadow:none;\n}\n.avia-image-container.av-av_image-1550776dea4b7de2233a7d2d9d98c386 .av-image-caption-overlay-center{\ncolor:#ffffff;\n}\n<\/style>\n<div  class='avia-image-container av-av_image-1550776dea4b7de2233a7d2d9d98c386 av-styling- avia-align-center  avia-builder-el-12  avia-builder-el-no-sibling '   itemprop=\"image\" itemscope=\"itemscope\" itemtype=\"https:\/\/schema.org\/ImageObject\" ><div class=\"avia-image-container-inner\"><div class=\"avia-image-overlay-wrap\"><img decoding=\"async\" fetchpriority=\"high\" class='wp-image-570 avia-img-lazy-loading-not-570 avia_image ' src=\"https:\/\/szinkartya.eu\/wp-content\/uploads\/NEUM_logo_vector.svg\" alt='NEUM log\u00f3' title='NEUM_logo_vector'  height=\"176\" width=\"500\"  itemprop=\"thumbnailUrl\"  \/><\/div><\/div><\/div><\/div>\n<\/p>\n","protected":false},"excerpt":{"rendered":"","protected":false},"author":1,"featured_media":0,"parent":0,"menu_order":0,"comment_status":"open","ping_status":"open","template":"","meta":{"footnotes":""},"class_list":["post-665","page","type-page","status-publish","hentry"],"yoast_head":"<!-- This site is optimized with the Yoast SEO Premium plugin v26.7 (Yoast SEO v26.7) - https:\/\/yoast.com\/wordpress\/plugins\/seo\/ -->\n<title>Unsere Partner - Fo-Ton Bt<\/title>\n<meta name=\"robots\" content=\"index, follow, max-snippet:-1, max-image-preview:large, max-video-preview:-1\" \/>\n<link rel=\"canonical\" href=\"https:\/\/szinkartya.eu\/de\/unsere-partner\/\" \/>\n<meta property=\"og:locale\" content=\"de_DE\" \/>\n<meta property=\"og:type\" content=\"article\" \/>\n<meta property=\"og:title\" content=\"Unsere Partner\" \/>\n<meta property=\"og:url\" content=\"https:\/\/szinkartya.eu\/de\/unsere-partner\/\" \/>\n<meta property=\"og:site_name\" content=\"Fo-Ton Bt\" \/>\n<meta property=\"article:modified_time\" content=\"2025-08-14T07:22:42+00:00\" \/>\n<meta name=\"twitter:card\" content=\"summary_large_image\" \/>\n<meta name=\"twitter:label1\" content=\"Gesch\u00e4tzte Lesezeit\" \/>\n\t<meta name=\"twitter:data1\" content=\"23\u00a0Minuten\" \/>\n<script type=\"application\/ld+json\" class=\"yoast-schema-graph\">{\"@context\":\"https:\/\/schema.org\",\"@graph\":[{\"@type\":\"WebPage\",\"@id\":\"https:\/\/szinkartya.eu\/de\/unsere-partner\/\",\"url\":\"https:\/\/szinkartya.eu\/de\/unsere-partner\/\",\"name\":\"Unsere Partner - Fo-Ton Bt\",\"isPartOf\":{\"@id\":\"https:\/\/szinkartya.eu\/#website\"},\"datePublished\":\"2025-07-03T13:30:30+00:00\",\"dateModified\":\"2025-08-14T07:22:42+00:00\",\"breadcrumb\":{\"@id\":\"https:\/\/szinkartya.eu\/de\/unsere-partner\/#breadcrumb\"},\"inLanguage\":\"de\",\"potentialAction\":[{\"@type\":\"ReadAction\",\"target\":[\"https:\/\/szinkartya.eu\/de\/unsere-partner\/\"]}]},{\"@type\":\"BreadcrumbList\",\"@id\":\"https:\/\/szinkartya.eu\/de\/unsere-partner\/#breadcrumb\",\"itemListElement\":[{\"@type\":\"ListItem\",\"position\":1,\"name\":\"Kezd\u0151lap\",\"item\":\"https:\/\/szinkartya.eu\/\"},{\"@type\":\"ListItem\",\"position\":2,\"name\":\"Unsere Partner\"}]},{\"@type\":\"WebSite\",\"@id\":\"https:\/\/szinkartya.eu\/#website\",\"url\":\"https:\/\/szinkartya.eu\/\",\"name\":\"Fo-Ton Bt\",\"description\":\"\",\"potentialAction\":[{\"@type\":\"SearchAction\",\"target\":{\"@type\":\"EntryPoint\",\"urlTemplate\":\"https:\/\/szinkartya.eu\/?s={search_term_string}\"},\"query-input\":{\"@type\":\"PropertyValueSpecification\",\"valueRequired\":true,\"valueName\":\"search_term_string\"}}],\"inLanguage\":\"de\"}]}<\/script>\n<!-- \/ Yoast SEO Premium plugin. -->","yoast_head_json":{"title":"Unsere Partner - Fo-Ton Bt","robots":{"index":"index","follow":"follow","max-snippet":"max-snippet:-1","max-image-preview":"max-image-preview:large","max-video-preview":"max-video-preview:-1"},"canonical":"https:\/\/szinkartya.eu\/de\/unsere-partner\/","og_locale":"de_DE","og_type":"article","og_title":"Unsere Partner","og_url":"https:\/\/szinkartya.eu\/de\/unsere-partner\/","og_site_name":"Fo-Ton Bt","article_modified_time":"2025-08-14T07:22:42+00:00","twitter_card":"summary_large_image","twitter_misc":{"Gesch\u00e4tzte Lesezeit":"23\u00a0Minuten"},"schema":{"@context":"https:\/\/schema.org","@graph":[{"@type":"WebPage","@id":"https:\/\/szinkartya.eu\/de\/unsere-partner\/","url":"https:\/\/szinkartya.eu\/de\/unsere-partner\/","name":"Unsere Partner - Fo-Ton Bt","isPartOf":{"@id":"https:\/\/szinkartya.eu\/#website"},"datePublished":"2025-07-03T13:30:30+00:00","dateModified":"2025-08-14T07:22:42+00:00","breadcrumb":{"@id":"https:\/\/szinkartya.eu\/de\/unsere-partner\/#breadcrumb"},"inLanguage":"de","potentialAction":[{"@type":"ReadAction","target":["https:\/\/szinkartya.eu\/de\/unsere-partner\/"]}]},{"@type":"BreadcrumbList","@id":"https:\/\/szinkartya.eu\/de\/unsere-partner\/#breadcrumb","itemListElement":[{"@type":"ListItem","position":1,"name":"Kezd\u0151lap","item":"https:\/\/szinkartya.eu\/"},{"@type":"ListItem","position":2,"name":"Unsere Partner"}]},{"@type":"WebSite","@id":"https:\/\/szinkartya.eu\/#website","url":"https:\/\/szinkartya.eu\/","name":"Fo-Ton Bt","description":"","potentialAction":[{"@type":"SearchAction","target":{"@type":"EntryPoint","urlTemplate":"https:\/\/szinkartya.eu\/?s={search_term_string}"},"query-input":{"@type":"PropertyValueSpecification","valueRequired":true,"valueName":"search_term_string"}}],"inLanguage":"de"}]}},"_links":{"self":[{"href":"https:\/\/szinkartya.eu\/de\/wp-json\/wp\/v2\/pages\/665","targetHints":{"allow":["GET"]}}],"collection":[{"href":"https:\/\/szinkartya.eu\/de\/wp-json\/wp\/v2\/pages"}],"about":[{"href":"https:\/\/szinkartya.eu\/de\/wp-json\/wp\/v2\/types\/page"}],"author":[{"embeddable":true,"href":"https:\/\/szinkartya.eu\/de\/wp-json\/wp\/v2\/users\/1"}],"replies":[{"embeddable":true,"href":"https:\/\/szinkartya.eu\/de\/wp-json\/wp\/v2\/comments?post=665"}],"version-history":[{"count":1,"href":"https:\/\/szinkartya.eu\/de\/wp-json\/wp\/v2\/pages\/665\/revisions"}],"predecessor-version":[{"id":666,"href":"https:\/\/szinkartya.eu\/de\/wp-json\/wp\/v2\/pages\/665\/revisions\/666"}],"wp:attachment":[{"href":"https:\/\/szinkartya.eu\/de\/wp-json\/wp\/v2\/media?parent=665"}],"curies":[{"name":"wp","href":"https:\/\/api.w.org\/{rel}","templated":true}]}}